{"id":981,"date":"2020-03-13T16:11:34","date_gmt":"2020-03-13T16:11:34","guid":{"rendered":"https:\/\/mobilepunch.com\/?page_id=981"},"modified":"2024-11-04T12:14:16","modified_gmt":"2024-11-04T17:14:16","slug":"about-us","status":"publish","type":"page","link":"https:\/\/mobilepunch.com\/en\/about-us\/","title":{"rendered":"About us"},"content":{"rendered":"<p>\u00c0 PROPOS<\/p>\n<p>Mobile-Punch est n\u00e9 d\u2019un besoin qu\u2019ont tous les entrepreneurs : gagner du temps !<\/p>\n<p>Passer le moins de temps possible \u00e0 g\u00e9rer des t\u00e2ches administratives est un d\u00e9fi que tentent de relever plusieurs entreprises. Malgr\u00e9 cette intention, il peut \u00eatre difficile d\u2019accomplir rapidement certaines t\u00e2ches de bureau telles que la gestion des horaires et des feuilles de temps lorsque vos outils ne r\u00e9pondent pas \u00e0 votre mod\u00e8le d\u2019affaires.<\/p>\n<p>J\u00e9r\u00f4me Guay, fondateur de\u00a0Mobile-Punch,\u00a0comprend cette r\u00e9alit\u00e9 puisqu\u2019il l\u2019a v\u00e9cue pendant plusieurs ann\u00e9es avec sa propre entreprise en construction, C\u00e9ra-Pose. Chaque semaine, il perdait un temps fou \u00e0 recueillir les feuilles de pr\u00e9sence de ses employ\u00e9s, qui travaillaient sur diff\u00e9rents chantiers. Celles-ci \u00e9taient souvent remises sur des petits bouts de papier et les heures travaill\u00e9es ne refl\u00e9taient pas exactement la r\u00e9alit\u00e9.<\/p>\n<p>Toujours en qu\u00eate d\u2019\u00e9volution et de performance<br \/>\nApr\u00e8s avoir cr\u00e9\u00e9 l\u2019application en 2016 pour ses propres besoins, l\u2019entrepreneur en construction s\u2019est joint \u00e0 Bryan Porter, sp\u00e9cialiste du Web, pour offrir aux entrepreneurs un outil flexible, performant et facile \u00e0 utiliser qui leur permet de r\u00e9aliser d\u2019importantes \u00e9conomies de temps et d\u2019argent.<\/p>\n<p>Afin d\u2019aller au-devant des besoins de ses clients, l\u2019entreprise compte aujourd\u2019hui toute une \u00e9quipe de programmeurs qui s\u2019affairent chaque jour \u00e0 optimiser leur solution.<\/p>\n<p>Au d\u00e9part tr\u00e8s r\u00e9put\u00e9e dans l\u2019industrie de la construction, l\u2019application est maintenant utilis\u00e9e par des entreprises de tous les domaines, et ce, peu importe leur nombre d\u2019employ\u00e9s.<br \/>\nD\u00e9couvrez les avantages de Mobile-Punch.<\/p>\n","protected":false},"excerpt":{"rendered":"<p>\u00c0 PROPOS Mobile-Punch est n\u00e9 d\u2019un besoin qu\u2019ont tous les entrepreneurs : gagner du temps ! Passer le moins de temps possible \u00e0 g\u00e9rer des t\u00e2ches administratives est un d\u00e9fi que tentent de relever plusieurs entreprises. Malgr\u00e9 cette intention, il peut \u00eatre difficile d\u2019accomplir rapidement certaines t\u00e2ches de bureau telles que la gestion des horaires [&hellip;]<\/p>\n","protected":false},"author":1,"featured_media":0,"parent":0,"menu_order":202,"comment_status":"closed","ping_status":"closed","template":"page-contact.php","meta":{"footnotes":""},"class_list":["post-981","page","type-page","status-publish","hentry"],"yoast_head":"<!-- This site is optimized with the Yoast SEO plugin v27.2 - https:\/\/yoast.com\/product\/yoast-seo-wordpress\/ -->\n<title>About Mobile-Punch | Best Time Tracking App Solutions<\/title>\n<meta name=\"description\" content=\"Discover Mobile-Punch time tracking app for efficient time management. Optimize your business operations with our efficient and easy-to-use solutions.\" \/>\n<meta name=\"robots\" content=\"index, follow, max-snippet:-1, max-image-preview:large, max-video-preview:-1\" \/>\n<link rel=\"canonical\" href=\"https:\/\/mobilepunch.com\/en\/about-us\/\" \/>\n<meta property=\"og:locale\" content=\"en_US\" \/>\n<meta property=\"og:type\" content=\"article\" \/>\n<meta property=\"og:title\" content=\"About Mobile-Punch | Best Time Tracking App Solutions\" \/>\n<meta property=\"og:description\" content=\"Discover Mobile-Punch time tracking app for efficient time management. Optimize your business operations with our efficient and easy-to-use solutions.\" \/>\n<meta property=\"og:url\" content=\"https:\/\/mobilepunch.com\/en\/about-us\/\" \/>\n<meta property=\"og:site_name\" content=\"Mobile-Punch, the # 1 application to simplify time management\" \/>\n<meta property=\"article:publisher\" content=\"https:\/\/www.facebook.com\/mobilepunch.ca\" \/>\n<meta property=\"article:modified_time\" content=\"2024-11-04T17:14:16+00:00\" \/>\n<meta name=\"twitter:card\" content=\"summary_large_image\" \/>\n<meta name=\"twitter:label1\" content=\"Est. reading time\" \/>\n\t<meta name=\"twitter:data1\" content=\"2 minutes\" \/>\n<script type=\"application\/ld+json\" class=\"yoast-schema-graph\">{\"@context\":\"https:\/\/schema.org\",\"@graph\":[{\"@type\":\"WebPage\",\"@id\":\"https:\/\/mobilepunch.com\/en\/about-us\/\",\"url\":\"https:\/\/mobilepunch.com\/en\/about-us\/\",\"name\":\"About Mobile-Punch | Best Time Tracking App Solutions\",\"isPartOf\":{\"@id\":\"https:\/\/mobilepunch.com\/en\/#website\"},\"datePublished\":\"2020-03-13T16:11:34+00:00\",\"dateModified\":\"2024-11-04T17:14:16+00:00\",\"description\":\"Discover Mobile-Punch time tracking app for efficient time management. Optimize your business operations with our efficient and easy-to-use solutions.\",\"breadcrumb\":{\"@id\":\"https:\/\/mobilepunch.com\/en\/about-us\/#breadcrumb\"},\"inLanguage\":\"en-US\",\"potentialAction\":[{\"@type\":\"ReadAction\",\"target\":[\"https:\/\/mobilepunch.com\/en\/about-us\/\"]}]},{\"@type\":\"BreadcrumbList\",\"@id\":\"https:\/\/mobilepunch.com\/en\/about-us\/#breadcrumb\",\"itemListElement\":[{\"@type\":\"ListItem\",\"position\":1,\"name\":\"Mobile-Punch\",\"item\":\"https:\/\/punchmobile.ca\/en\/\"},{\"@type\":\"ListItem\",\"position\":2,\"name\":\"About us\"}]},{\"@type\":\"WebSite\",\"@id\":\"https:\/\/mobilepunch.com\/en\/#website\",\"url\":\"https:\/\/mobilepunch.com\/en\/\",\"name\":\"Mobile-Punch, the # 1 application to simplify time management\",\"description\":\"\",\"publisher\":{\"@id\":\"https:\/\/mobilepunch.com\/en\/#organization\"},\"potentialAction\":[{\"@type\":\"SearchAction\",\"target\":{\"@type\":\"EntryPoint\",\"urlTemplate\":\"https:\/\/mobilepunch.com\/en\/?s={search_term_string}\"},\"query-input\":{\"@type\":\"PropertyValueSpecification\",\"valueRequired\":true,\"valueName\":\"search_term_string\"}}],\"inLanguage\":\"en-US\"},{\"@type\":\"Organization\",\"@id\":\"https:\/\/mobilepunch.com\/en\/#organization\",\"name\":\"Mobile-Punch\",\"url\":\"https:\/\/mobilepunch.com\/en\/\",\"logo\":{\"@type\":\"ImageObject\",\"inLanguage\":\"en-US\",\"@id\":\"https:\/\/mobilepunch.com\/en\/#\/schema\/logo\/image\/\",\"url\":\"https:\/\/mobilepunch.com\/wp-content\/uploads\/2020\/03\/logo.png\",\"contentUrl\":\"https:\/\/mobilepunch.com\/wp-content\/uploads\/2020\/03\/logo.png\",\"width\":85,\"height\":129,\"caption\":\"Mobile-Punch\"},\"image\":{\"@id\":\"https:\/\/mobilepunch.com\/en\/#\/schema\/logo\/image\/\"},\"sameAs\":[\"https:\/\/www.facebook.com\/mobilepunch.ca\",\"https:\/\/www.linkedin.com\/company\/mobilepunch\/\"]}]}<\/script>\n<!-- \/ Yoast SEO plugin. -->","yoast_head_json":{"title":"About Mobile-Punch | Best Time Tracking App Solutions","description":"Discover Mobile-Punch time tracking app for efficient time management. Optimize your business operations with our efficient and easy-to-use solutions.","robots":{"index":"index","follow":"follow","max-snippet":"max-snippet:-1","max-image-preview":"max-image-preview:large","max-video-preview":"max-video-preview:-1"},"canonical":"https:\/\/mobilepunch.com\/en\/about-us\/","og_locale":"en_US","og_type":"article","og_title":"About Mobile-Punch | Best Time Tracking App Solutions","og_description":"Discover Mobile-Punch time tracking app for efficient time management. Optimize your business operations with our efficient and easy-to-use solutions.","og_url":"https:\/\/mobilepunch.com\/en\/about-us\/","og_site_name":"Mobile-Punch, the # 1 application to simplify time management","article_publisher":"https:\/\/www.facebook.com\/mobilepunch.ca","article_modified_time":"2024-11-04T17:14:16+00:00","twitter_card":"summary_large_image","twitter_misc":{"Est. reading time":"2 minutes"},"schema":{"@context":"https:\/\/schema.org","@graph":[{"@type":"WebPage","@id":"https:\/\/mobilepunch.com\/en\/about-us\/","url":"https:\/\/mobilepunch.com\/en\/about-us\/","name":"About Mobile-Punch | Best Time Tracking App Solutions","isPartOf":{"@id":"https:\/\/mobilepunch.com\/en\/#website"},"datePublished":"2020-03-13T16:11:34+00:00","dateModified":"2024-11-04T17:14:16+00:00","description":"Discover Mobile-Punch time tracking app for efficient time management. Optimize your business operations with our efficient and easy-to-use solutions.","breadcrumb":{"@id":"https:\/\/mobilepunch.com\/en\/about-us\/#breadcrumb"},"inLanguage":"en-US","potentialAction":[{"@type":"ReadAction","target":["https:\/\/mobilepunch.com\/en\/about-us\/"]}]},{"@type":"BreadcrumbList","@id":"https:\/\/mobilepunch.com\/en\/about-us\/#breadcrumb","itemListElement":[{"@type":"ListItem","position":1,"name":"Mobile-Punch","item":"https:\/\/punchmobile.ca\/en\/"},{"@type":"ListItem","position":2,"name":"About us"}]},{"@type":"WebSite","@id":"https:\/\/mobilepunch.com\/en\/#website","url":"https:\/\/mobilepunch.com\/en\/","name":"Mobile-Punch, the # 1 application to simplify time management","description":"","publisher":{"@id":"https:\/\/mobilepunch.com\/en\/#organization"},"potentialAction":[{"@type":"SearchAction","target":{"@type":"EntryPoint","urlTemplate":"https:\/\/mobilepunch.com\/en\/?s={search_term_string}"},"query-input":{"@type":"PropertyValueSpecification","valueRequired":true,"valueName":"search_term_string"}}],"inLanguage":"en-US"},{"@type":"Organization","@id":"https:\/\/mobilepunch.com\/en\/#organization","name":"Mobile-Punch","url":"https:\/\/mobilepunch.com\/en\/","logo":{"@type":"ImageObject","inLanguage":"en-US","@id":"https:\/\/mobilepunch.com\/en\/#\/schema\/logo\/image\/","url":"https:\/\/mobilepunch.com\/wp-content\/uploads\/2020\/03\/logo.png","contentUrl":"https:\/\/mobilepunch.com\/wp-content\/uploads\/2020\/03\/logo.png","width":85,"height":129,"caption":"Mobile-Punch"},"image":{"@id":"https:\/\/mobilepunch.com\/en\/#\/schema\/logo\/image\/"},"sameAs":["https:\/\/www.facebook.com\/mobilepunch.ca","https:\/\/www.linkedin.com\/company\/mobilepunch\/"]}]}},"_links":{"self":[{"href":"https:\/\/mobilepunch.com\/en\/wp-json\/wp\/v2\/pages\/981","targetHints":{"allow":["GET"]}}],"collection":[{"href":"https:\/\/mobilepunch.com\/en\/wp-json\/wp\/v2\/pages"}],"about":[{"href":"https:\/\/mobilepunch.com\/en\/wp-json\/wp\/v2\/types\/page"}],"author":[{"embeddable":true,"href":"https:\/\/mobilepunch.com\/en\/wp-json\/wp\/v2\/users\/1"}],"replies":[{"embeddable":true,"href":"https:\/\/mobilepunch.com\/en\/wp-json\/wp\/v2\/comments?post=981"}],"version-history":[{"count":4,"href":"https:\/\/mobilepunch.com\/en\/wp-json\/wp\/v2\/pages\/981\/revisions"}],"predecessor-version":[{"id":6513,"href":"https:\/\/mobilepunch.com\/en\/wp-json\/wp\/v2\/pages\/981\/revisions\/6513"}],"wp:attachment":[{"href":"https:\/\/mobilepunch.com\/en\/wp-json\/wp\/v2\/media?parent=981"}],"curies":[{"name":"wp","href":"https:\/\/api.w.org\/{rel}","templated":true}]}}